{"id":11130,"date":"2020-01-30T11:01:53","date_gmt":"2020-01-30T11:01:53","guid":{"rendered":"https:\/\/www.wevote.eu\/index.php\/aviso-legal\/"},"modified":"2020-12-09T15:17:45","modified_gmt":"2020-12-09T15:17:45","slug":"impressum-allgemeine-geschaeftsbedingungen","status":"publish","type":"page","link":"https:\/\/www.wevote.eu\/de\/impressum-allgemeine-geschaeftsbedingungen\/","title":{"rendered":"Aviso legal"},"content":{"rendered":"<p>[vc_row row_content_width=&#8220;grid&#8220; css=&#8220;.vc_custom_1580383578893{margin-top: 2% !important;margin-bottom: 7% !important;}&#8220;][vc_column][vc_column_text]<\/p>\n<h2><span style=\"color: #0079be;\">Impressum &#8211; Bedingungen und Konditionen<\/span><\/h2>\n<p>[\/vc_column_text][vc_column_text]I.- GEGENSTAND DER DIENSTLEISTUNG<br \/>\nDie Website https:\/\/www.wevote.eu\/ hat als grundlegenden und Hauptzweck die Bereitstellung von Werbeinformationen \u00fcber elektronische Abstimmungen und elektronische Beh\u00f6rdendienste.<\/p>\n<p>II.- WEVOTE-IDENTIFIKATION<br \/>\nWEVOTE ist ein Service und sind Marken im Besitz von FULLCERTIFICATE SL, einem vertrauensw\u00fcrdigen Anbieter von elektronischen Dienstleistungen mit Rechtsg\u00fcltigkeit und CIF B87336178 und Adresse in der Stra\u00dfe Boix y Morer, 6. 28003. Madrid, Spanien, Europ\u00e4ische Union. Das Unternehmen bietet &#8222;weltweite&#8220; Dienstleistungen an und ist in Europa, Amerika und Lateinamerika kommerziell pr\u00e4sent. Die Benutzer k\u00f6nnen das Unternehmen \u00fcber die auf der Homepage aufgef\u00fchrten Formulare und Telefonnummern kontaktieren.<\/p>\n<p>III.- BENUTZER DER SEITE<br \/>\nJeder Benutzer hat die M\u00f6glichkeit, freiwillig eine E-Mail-Adresse zu registrieren, um WEVOTE zu kontaktieren und\/oder p\u00fcnktliche oder regelm\u00e4\u00dfige Informationen \u00fcber die Dienstleistungen zu erhalten. Alle Daten, die in dem oben genannten, zu diesem Zweck erstellten Formular enthalten sind, wurden direkt vom BENUTZER eingegeben, und die Authentizit\u00e4t derselben liegt in seiner Verantwortung. Diese Verantwortung f\u00fcr die Authentizit\u00e4t liegt auch bei allen Kontaktformularen, in denen er seine pers\u00f6nlichen Daten registrieren kann.<\/p>\n<p>GARANTIE DER VERTRAULICHKEIT<br \/>\nIn \u00dcbereinstimmung mit der Verordnung (EU) 2016\/679 des Europ\u00e4ischen Parlaments und des Rates vom 27. April 2016 zum Schutz nat\u00fcrlicher Personen bei der Verarbeitung personenbezogener Daten<\/p>\n<p>und dem freien Verkehr dieser Daten und durch die die Richtlinie 95\/46\/EG (Allgemeine Datenschutzverordnung) aufgehoben wird, kann der Nutzer jederzeit sein Recht auf Zugang, Berichtigung, L\u00f6schung und Widerspruch aus\u00fcben, indem er dies WEVOTE mit allen ihm zur Verf\u00fcgung gestellten Mitteln mitteilt und WEVOTE eine maximale Frist von einer Woche f\u00fcr die Durchf\u00fchrung dieser Berichtigung, L\u00f6schung oder L\u00f6sung einr\u00e4umt. WEVOTE garantiert die Vertraulichkeit der Daten des BENUTZERS. Im Falle von Kampagnen zur elektronischen Stimmabgabe unterliegt die Verantwortung f\u00fcr die Behandlung dem von den Kunden von WEVOTE gew\u00fcnschten Mandat. Daher muss sich der Nutzer einer Kampagne mit dem Promotor der Kampagne oder des Wahlprozesses in Verbindung setzen, und dies muss WEVOTE direkt mitgeteilt werden.<\/p>\n<p>DER BENUTZER MUSS DIE TECHNISCHEN UND RECHTLICHEN SPEZIFIKATIONEN MITTEILEN UND DEN BENUTZER \u00dcBER ALLE \u00c4NDERUNGEN SOWIE DIE VERPFLICHTUNG UND AKZEPTANZ DURCH DEN BENUTZER INFORMIEREN.<br \/>\nDer BENUTZER versteht, dass die auf der WEVOTE-Webseite enthaltenen Informationen bez\u00fcglich der Dienstleistungen und der allgemeinen Vertragsbedingungen akzeptiert werden und ausreichen, um m\u00f6gliche Fehler bei der Bildung der Zustimmung, die der BENUTZER WEVOTE erteilt hat, auszuschlie\u00dfen.<\/p>\n<p>DIE MODALIT\u00c4TEN DES EMPFANGS DER INFORMATIONEN.<br \/>\nDer BENUTZER erh\u00e4lt die Informationen stets per E-Mail in seiner Mailbox, entsprechend den bei der Registrierung oder bei sp\u00e4teren Daten\u00e4nderungen angegebenen Daten. Wenn der BENUTZER die Bereitstellung von Informationen durch WEVOTE beantragt, akzeptiert er in jedem Fall, die kommerziellen Mitteilungen, die diese Informationen begleiten, zu erhalten.<\/p>\n<p>IV. DIE VERANTWORTUNG F\u00dcR DIE PERSONENDATEIEN.<br \/>\nWEVOTE ist f\u00fcr die Datei mit den pers\u00f6nlichen Daten seiner BENUTZER und deren Vertraulichkeit verantwortlich.<\/p>\n<p>V. INFORMATIONEN \u00dcBER DIE BEDINGUNGEN UND MODALIT\u00c4TEN DER AUS\u00dcBUNG DES ZUGANGSRECHTS.<br \/>\nIn \u00dcbereinstimmung mit der geltenden Gesetzgebung bez\u00fcglich des Schutzes von pers\u00f6nlichen Daten kann der BENUTZER dieser Website Informationen \u00fcber seine pers\u00f6nlichen Daten, die in den Dateien, f\u00fcr die WEVOTE verantwortlich ist, enthalten sind, anfordern und erhalten, wenn er dies schriftlich und auf zuverl\u00e4ssigem Wege beantragt.<\/p>\n<p>Die BENUTZER von Wahlkampagnen, die von WEVOTE-Kunden gef\u00f6rdert werden, sollten sich an die Firma oder Organisation wenden, die die Kampagne f\u00f6rdert.<\/p>\n<p>VERTRAULICHKEIT.<br \/>\nWEVOTE garantiert, dass die pers\u00f6nlichen Daten des BENUTZERS, wie auf dem Anmeldeformular angegeben, nur f\u00fcr die Verwaltung, Abwicklung, Bereitstellung, Erweiterung und Verbesserung der dem BENUTZER zur Verf\u00fcgung gestellten Dienste, einschlie\u00dflich der Zusendung von Aktualisierungen der Dienste und der Zusendung von Werbung in Bezug auf die Dienste sowie die Einf\u00fcgung anderer kommerzieller Mitteilungen verwendet werden. WEVOTE und diejenigen, die an der automatisierten Verarbeitung personenbezogener Daten beteiligt sind, sind in Bezug auf diese ausdr\u00fccklich an das Berufsgeheimnis gebunden. Die zur Verf\u00fcgung gestellten pers\u00f6nlichen Daten werden durch ein komplettes Sicherheitssystem gesch\u00fctzt, so dass unbefugte Dritte keinen Zugang zu ihnen haben k\u00f6nnen. WEVOTE beh\u00e4lt sich das Recht vor, die Konversionsverfolgung f\u00fcr die Messung von Konversionsstatistiken zu verwenden.<\/p>\n<p>Copyright WEVOTE &#8211; VOLLZUGANGSBESCHEINIGUNG, 2020. Alle Rechte vorbehalten.[\/vc_column_text][\/vc_column][\/vc_row]<\/p>\n","protected":false},"excerpt":{"rendered":"<p>[vc_row row_content_width=&#8220;grid&#8220; css=&#8220;.vc_custom_1580383578893{margin-top: [&hellip;]<\/p>\n","protected":false},"author":1,"featured_media":0,"parent":0,"menu_order":0,"comment_status":"closed","ping_status":"closed","template":"full-width.php","meta":[],"amp_enabled":false,"_links":{"self":[{"href":"https:\/\/www.wevote.eu\/de\/wp-json\/wp\/v2\/pages\/11130"}],"collection":[{"href":"https:\/\/www.wevote.eu\/de\/wp-json\/wp\/v2\/pages"}],"about":[{"href":"https:\/\/www.wevote.eu\/de\/wp-json\/wp\/v2\/types\/page"}],"author":[{"embeddable":true,"href":"https:\/\/www.wevote.eu\/de\/wp-json\/wp\/v2\/users\/1"}],"replies":[{"embeddable":true,"href":"https:\/\/www.wevote.eu\/de\/wp-json\/wp\/v2\/comments?post=11130"}],"version-history":[{"count":2,"href":"https:\/\/www.wevote.eu\/de\/wp-json\/wp\/v2\/pages\/11130\/revisions"}],"predecessor-version":[{"id":11136,"href":"https:\/\/www.wevote.eu\/de\/wp-json\/wp\/v2\/pages\/11130\/revisions\/11136"}],"wp:attachment":[{"href":"https:\/\/www.wevote.eu\/de\/wp-json\/wp\/v2\/media?parent=11130"}],"curies":[{"name":"wp","href":"https:\/\/api.w.org\/{rel}","templated":true}]}}