{"id":11114,"date":"2020-01-30T11:01:53","date_gmt":"2020-01-30T11:01:53","guid":{"rendered":"https:\/\/www.wevote.eu\/index.php\/aviso-legal\/"},"modified":"2020-12-09T14:59:20","modified_gmt":"2020-12-09T14:59:20","slug":"termini-condizioni-avviso-legale","status":"publish","type":"page","link":"https:\/\/www.wevote.eu\/it\/termini-condizioni-avviso-legale\/","title":{"rendered":"Aviso legal"},"content":{"rendered":"<p>[vc_row row_content_width=&#8221;grid&#8221; css=&#8221;.vc_custom_1580383578893{margin-top: 2% !important;margin-bottom: 7% !important;}&#8221;][vc_column][vc_column_text]<\/p>\n<h2><span style=\"color: #0079be;\">Avviso legale &#8211; Termini e condizioni<\/span><\/h2>\n<p>[\/vc_column_text][vc_column_text]I.- OGGETTO DEL SERVIZIO<br \/>\nIl sito https:\/\/www.wevote.eu\/ ha come scopo principale e fondamentale la fornitura di informazioni promozionali sul Voto Elettronico e sui servizi del Governo Elettronico.<\/p>\n<p>II.- IDENTIFICAZIONE DEL DESTINATARIO<br \/>\nWEVOTE \u00e8 un servizio e sono marchi di propriet\u00e0 di FULLCERTIFICATE SL, fornitore di fiducia di servizi elettronici con validit\u00e0 legale e CIF B87336178 e indirizzo in via Boix y Morer, 6. 28003. Madrid, Spagna, Unione Europea. L&#8217;azienda offre servizi &#8220;World Wide&#8221; e ha una presenza commerciale in Europa, America e America Latina. Gli utenti possono contattare l&#8217;azienda utilizzando i moduli e i numeri di telefono elencati sulla home page<\/p>\n<p>III.- UTENTI DELLA PAGINA<br \/>\nOgni utente ha la possibilit\u00e0 di registrare volontariamente un indirizzo e-mail per contattare WEVOTE e\/o ricevere informazioni puntuali o periodiche sui servizi. Tutti i dati contenuti nel suddetto modulo creato a tale scopo sono stati inseriti direttamente dall&#8217;UTENTE e la loro autenticit\u00e0 \u00e8 sotto la sua responsabilit\u00e0. Allo stesso modo, questa responsabilit\u00e0 per l&#8217;autenticit\u00e0 ricade anche su di lui in tutti i moduli di contatto in cui pu\u00f2 registrare i suoi dati personali.<\/p>\n<p>GARANZIA DI RISERVATEZZA<br \/>\nIn conformit\u00e0 al Regolamento (UE) 2016\/679 del Parlamento europeo e del Consiglio, del 27 aprile 2016, relativo alla tutela delle persone fisiche con riguardo al trattamento dei dati personali<\/p>\n<p>e alla libera circolazione di questi dati e con la quale la direttiva 95\/46\/CE (Regolamento generale sulla protezione dei dati) \u00e8 abrogata, l&#8217;utente pu\u00f2 in qualsiasi momento esercitare i suoi diritti di accesso, rettifica, cancellazione e opposizione, comunicandolo a WEVOTE con qualsiasi mezzo a sua disposizione e concedendo a WEVOTE un tempo massimo di una settimana per procedere a tale rettifica, cancellazione o risoluzione. WEVOTE garantisce la riservatezza dei dati dell&#8217;UTENTE. Nel caso di campagne di voto elettronico, la responsabilit\u00e0 del trattamento sar\u00e0 soggetta al mandato richiesto dai clienti di WEVOTE. Pertanto, l&#8217;utente di una campagna deve contattare il promotore della campagna o del processo elettorale e questo deve essere comunicato direttamente a WEVOTE.<\/p>\n<p>L&#8217;UTENTE DEVE COMUNICARE LE SPECIFICHE TECNICHE E LEGALI E INFORMARE L&#8217;UTENTE DI EVENTUALI MODIFICHE, NONCH\u00c9 L&#8217;IMPEGNO E L&#8217;ACCETTAZIONE DA PARTE DELL&#8217;UTENTE.<br \/>\nL&#8217;UTENTE \u00e8 consapevole che le informazioni contenute nella pagina web di WEVOTE in relazione ai servizi e alle sue condizioni generali di contratto sono accettate e sufficienti ad omettere ogni possibile errore nella formazione del consenso dato dall&#8217;UTENTE a WEVOTE.<\/p>\n<p>MODALIT\u00c0 DI RICEZIONE DELLE INFORMAZIONI.<br \/>\nL&#8217;UTENTE ricever\u00e0 sempre le informazioni attraverso la sua eMail nella sua casella di posta elettronica, secondo i dati forniti al momento della registrazione o di eventuali successive modifiche dei dati, se esistenti. In ogni caso, quando l&#8217;UTENTE richiede la fornitura di informazioni da parte di WEVOTE, l&#8217;UTENTE accetta di ricevere le comunicazioni commerciali che accompagnano tali informazioni.<\/p>\n<p>IV. RESPONSABILIT\u00c0 PER I FILE DI DATI PERSONALI.<br \/>\nWEVOTE sar\u00e0 responsabile del file contenente i dati personali dei propri UTENTI e della loro riservatezza.<\/p>\n<p>V. INFORMAZIONI SULLE CONDIZIONI E LE MODALIT\u00c0 DI ESERCIZIO DEL DIRITTO DI ACCESSO.<br \/>\nIn conformit\u00e0 alla normativa vigente in materia di Protezione dei Dati Personali, l&#8217;UTENTE di questo sito web pu\u00f2 richiedere e ottenere informazioni sui propri dati personali inseriti negli archivi di cui WEVOTE \u00e8 responsabile, su richiesta comunicata per iscritto con mezzi affidabili.<\/p>\n<p>Gli UTENTI delle campagne di voto promosse dai clienti WEVOTE devono contattare l&#8217;azienda o l&#8217;organizzazione che promuove la campagna.<\/p>\n<p>RISERVATEZZA.<br \/>\nWEVOTE garantisce che i dati personali dell&#8217;UTENTE, come indicato nel modulo di iscrizione, saranno utilizzati esclusivamente per la gestione, l&#8217;amministrazione, la fornitura, l&#8217;estensione e il miglioramento dei servizi forniti all&#8217;UTENTE, compreso l&#8217;invio di aggiornamenti ai servizi e l&#8217;invio di pubblicit\u00e0 relativa ai servizi, nonch\u00e9 l&#8217;inserimento di altre comunicazioni commerciali. WEVOTE e i soggetti coinvolti nel trattamento automatizzato dei dati personali sono espressamente vincolati al segreto professionale nei loro confronti. I dati personali forniti sono protetti da un sistema di sicurezza completo, in modo che terzi non autorizzati non possano accedervi. WEVOTE si riserva il diritto di utilizzare il tracking delle conversioni per misurare le statistiche di conversione.<\/p>\n<p>Copyright WEVOTE &#8211; CERTIFICATO COMPLETO, 2020. Tutti i diritti riservati.[\/vc_column_text][\/vc_column][\/vc_row]<\/p>\n","protected":false},"excerpt":{"rendered":"<p>[vc_row row_content_width=&#8221;grid&#8221; css=&#8221;.vc_custom_1580383578893{margin-top: [&hellip;]<\/p>\n","protected":false},"author":1,"featured_media":0,"parent":0,"menu_order":0,"comment_status":"closed","ping_status":"closed","template":"full-width.php","meta":[],"amp_enabled":false,"_links":{"self":[{"href":"https:\/\/www.wevote.eu\/it\/wp-json\/wp\/v2\/pages\/11114"}],"collection":[{"href":"https:\/\/www.wevote.eu\/it\/wp-json\/wp\/v2\/pages"}],"about":[{"href":"https:\/\/www.wevote.eu\/it\/wp-json\/wp\/v2\/types\/page"}],"author":[{"embeddable":true,"href":"https:\/\/www.wevote.eu\/it\/wp-json\/wp\/v2\/users\/1"}],"replies":[{"embeddable":true,"href":"https:\/\/www.wevote.eu\/it\/wp-json\/wp\/v2\/comments?post=11114"}],"version-history":[{"count":2,"href":"https:\/\/www.wevote.eu\/it\/wp-json\/wp\/v2\/pages\/11114\/revisions"}],"predecessor-version":[{"id":11118,"href":"https:\/\/www.wevote.eu\/it\/wp-json\/wp\/v2\/pages\/11114\/revisions\/11118"}],"wp:attachment":[{"href":"https:\/\/www.wevote.eu\/it\/wp-json\/wp\/v2\/media?parent=11114"}],"curies":[{"name":"wp","href":"https:\/\/api.w.org\/{rel}","templated":true}]}}