{"id":11144,"date":"2020-01-30T11:01:53","date_gmt":"2020-01-30T11:01:53","guid":{"rendered":"https:\/\/www.wevote.eu\/index.php\/aviso-legal\/"},"modified":"2020-12-09T15:21:47","modified_gmt":"2020-12-09T15:21:47","slug":"informacja-prawna-regulamin","status":"publish","type":"page","link":"https:\/\/www.wevote.eu\/pl\/informacja-prawna-regulamin\/","title":{"rendered":"Aviso legal"},"content":{"rendered":"<p>[vc_row row_content_width=&#8221;grid&#8221; css=&#8221;.vc_custom_1580383578893{margin-top: 2% !important;margin-bottom: 7% !important;}&#8221;][vc_column][vc_column_text]<\/p>\n<h2><span style=\"color: #0079be;\">Informacja prawna &#8211; Zasady i Warunki<\/span><\/h2>\n<p>[\/vc_column_text][vc_column_text]I.- PRZEDMIOT US\u0141UGI<br \/>\nPodstawowym i g\u0142\u00f3wnym celem strony https:\/\/www.wevote.eu\/ jest dostarczanie informacji promocyjnych na temat elektronicznego g\u0142osowania i elektronicznych us\u0142ug rz\u0105dowych.<\/p>\n<p>II.- IDENTYFIKACJA G\u0141OSU<br \/>\nWEVOTE jest us\u0142ug\u0105 i jest znakiem towarowym nale\u017c\u0105cym do FULLCERTIFICATE SL, zaufanego dostawcy us\u0142ug elektronicznych o wa\u017cno\u015bci prawnej i CIF B87336178 oraz adresem na ulicy Boix y Morer, 6. 28003. Madryt, Hiszpania, Unia Europejska. Firma oferuje us\u0142ugi &#8222;World Wide&#8221; i jest obecna handlowo w Europie, Ameryce i Ameryce \u0141aci\u0144skiej. U\u017cytkownicy mog\u0105 kontaktowa\u0107 si\u0119 z firm\u0105 za pomoc\u0105 formularzy i numer\u00f3w telefon\u00f3w wymienionych na stronie g\u0142\u00f3wnej.<\/p>\n<p>III.- U\u017bYTKOWNICY STRONY<br \/>\nKa\u017cdy u\u017cytkownik ma mo\u017cliwo\u015b\u0107 dobrowolnej rejestracji adresu e-mail w celu kontaktu z firm\u0105 WEVOTE i\/lub otrzymywania punktualnych lub okresowych informacji o us\u0142ugach. Wszystkie dane zawarte w utworzonym w tym celu formularzu zosta\u0142y wprowadzone bezpo\u015brednio przez U\u017bYTKOWNIKA i to on ponosi odpowiedzialno\u015b\u0107 za ich autentyczno\u015b\u0107. Odpowiedzialno\u015b\u0107 za autentyczno\u015b\u0107 spoczywa r\u00f3wnie\u017c na nim we wszystkich formularzach kontaktowych, w kt\u00f3rych mo\u017ce on zarejestrowa\u0107 swoje dane osobowe.<\/p>\n<p>GWARANCJA POUFNO\u015aCI<br \/>\nZgodnie z rozporz\u0105dzeniem (UE) 2016\/679 Parlamentu Europejskiego i Rady z dnia 27 kwietnia 2016 r. w sprawie ochrony os\u00f3b fizycznych w zakresie przetwarzania danych osobowych<\/p>\n<p>i swobodnemu przep\u0142ywowi tych danych, przez co dyrektywa 95\/46\/WE (og\u00f3lne rozporz\u0105dzenie o ochronie danych osobowych) zostaje uchylona, u\u017cytkownik mo\u017ce w ka\u017cdej chwili skorzysta\u0107 ze swoich praw dost\u0119pu, sprostowania, anulowania i sprzeciwu, przekazuj\u0105c je firmie WEVOTE za pomoc\u0105 dowolnych \u015brodk\u00f3w, kt\u00f3re ma do dyspozycji i daj\u0105c firmie WEVOTE maksymalnie jeden tydzie\u0144 na przeprowadzenie tego sprostowania, anulowania lub rozwi\u0105zania. WEVOTE gwarantuje poufno\u015b\u0107 danych U\u017bYTKOWNIK\u00d3W. W przypadku elektronicznych kampanii wyborczych odpowiedzialno\u015b\u0107 za leczenie b\u0119dzie zale\u017ca\u0142a od mandatu, o kt\u00f3ry poprosz\u0105 klienci firmy WEVOTE, dlatego te\u017c u\u017cytkownik kampanii musi skontaktowa\u0107 si\u0119 z promotorem kampanii lub procesu wyborczego i poinformowa\u0107 o tym bezpo\u015brednio firm\u0119 WEVOTE.<\/p>\n<p>U\u017bYTKOWNIK MUSI PRZEKAZA\u0106 SPECYFIKACJE TECHNICZNE I PRAWNE ORAZ POINFORMOWA\u0106 U\u017bYTKOWNIKA O WSZELKICH ZMIANACH, JAK R\u00d3WNIE\u017b O ZOBOWI\u0104ZANIU I AKCEPTACJI PRZEZ U\u017bYTKOWNIKA.<br \/>\nU\u017bYTKOWNIK rozumie, \u017ce informacje zawarte na stronie internetowej WEVOTE w zwi\u0105zku z us\u0142ugami i jej og\u00f3lnymi warunkami umowy s\u0105 akceptowane i wystarczaj\u0105ce do pomini\u0119cia ewentualnych b\u0142\u0119d\u00f3w w tworzeniu zgody udzielonej przez U\u017bYTKOWNIKA WEVOTE.<\/p>\n<p>SPOSOBY ODBIORU INFORMACJI.<br \/>\nU\u017bYTKOWNIK zawsze b\u0119dzie otrzymywa\u0142 informacje za po\u015brednictwem swojej poczty elektronicznej w swojej skrzynce pocztowej, zgodnie z danymi podanymi w momencie rejestracji lub p\u00f3\u017aniejszymi zmianami danych, je\u015bli takie nast\u0105pi\u0105. W ka\u017cdym przypadku, gdy U\u017bYTKOWNIK \u017c\u0105da dostarczenia informacji przez WEVOTE, U\u017bYTKOWNIK wyra\u017ca zgod\u0119 na otrzymywanie informacji handlowych, kt\u00f3re towarzysz\u0105 takim informacjom.<\/p>\n<p>IV. ODPOWIEDZIALNO\u015a\u0106 ZA PLIKI DANYCH OSOBOWYCH.<br \/>\nFirma WEVOTE b\u0119dzie odpowiedzialna za plik zawieraj\u0105cy dane osobowe swoich U\u017bYTKOWNIK\u00d3W i ich poufno\u015b\u0107.<\/p>\n<p>V. INFORMACJE NA TEMAT WARUNK\u00d3W I METOD KORZYSTANIA Z PRAWA DOST\u0118PU.<br \/>\nZgodnie z obowi\u0105zuj\u0105cymi przepisami dotycz\u0105cymi ochrony danych osobowych, U\u017bYTKOWNIK niniejszej strony internetowej mo\u017ce za\u017c\u0105da\u0107 i uzyska\u0107 informacje o swoich danych osobowych zawartych w plikach, za kt\u00f3re WEVOTE jest odpowiedzialna, na \u017c\u0105danie przekazane w spos\u00f3b wiarygodny i pisemny.<\/p>\n<p>U\u017cytkownicy kampanii wyborczych promowanych przez klient\u00f3w WEVOTE powinni skontaktowa\u0107 si\u0119 z firm\u0105 lub organizacj\u0105 promuj\u0105c\u0105 kampani\u0119.<\/p>\n<p>POUFNO\u015a\u0106.<br \/>\nWEVOTE gwarantuje, \u017ce dane osobowe U\u017bYTKOWNIKA, podane w formularzu subskrypcji, b\u0119d\u0105 wykorzystane wy\u0142\u0105cznie w celu zarz\u0105dzania, administrowania, dostarczania, rozszerzania i ulepszania us\u0142ug \u015bwiadczonych na rzecz U\u017bYTKOWNIKA, w\u0142\u0105cznie z wysy\u0142aniem aktualizacji us\u0142ug i wysy\u0142aniem reklam zwi\u0105zanych z us\u0142ugami, jak r\u00f3wnie\u017c zamieszczaniem innych informacji handlowych. Firma WEVOTE i osoby zaanga\u017cowane w zautomatyzowane przetwarzanie danych osobowych s\u0105 wyra\u017anie zobowi\u0105zane do zachowania tajemnicy zawodowej w odniesieniu do nich. Udost\u0119pnione dane osobowe s\u0105 chronione przez kompletny system zabezpiecze\u0144, dzi\u0119ki czemu nie mog\u0105 mie\u0107 do nich dost\u0119pu osoby nieupowa\u017cnione. Firma WEVOTE zastrzega sobie prawo do korzystania ze \u015bledzenia konwersji w celu pomiaru statystyk konwersji.<\/p>\n<p>Copyright WEVOTE &#8211; FULL CERTIFICATE, 2020. Wszelkie prawa zastrze\u017cone.[\/vc_column_text][\/vc_column][\/vc_row]<\/p>\n","protected":false},"excerpt":{"rendered":"<p>[vc_row row_content_width=&#8221;grid&#8221; css=&#8221;.vc_custom_1580383578893{margin-top: [&hellip;]<\/p>\n","protected":false},"author":1,"featured_media":0,"parent":0,"menu_order":0,"comment_status":"closed","ping_status":"closed","template":"full-width.php","meta":[],"amp_enabled":false,"_links":{"self":[{"href":"https:\/\/www.wevote.eu\/pl\/wp-json\/wp\/v2\/pages\/11144"}],"collection":[{"href":"https:\/\/www.wevote.eu\/pl\/wp-json\/wp\/v2\/pages"}],"about":[{"href":"https:\/\/www.wevote.eu\/pl\/wp-json\/wp\/v2\/types\/page"}],"author":[{"embeddable":true,"href":"https:\/\/www.wevote.eu\/pl\/wp-json\/wp\/v2\/users\/1"}],"replies":[{"embeddable":true,"href":"https:\/\/www.wevote.eu\/pl\/wp-json\/wp\/v2\/comments?post=11144"}],"version-history":[{"count":3,"href":"https:\/\/www.wevote.eu\/pl\/wp-json\/wp\/v2\/pages\/11144\/revisions"}],"predecessor-version":[{"id":13342,"href":"https:\/\/www.wevote.eu\/pl\/wp-json\/wp\/v2\/pages\/11144\/revisions\/13342"}],"wp:attachment":[{"href":"https:\/\/www.wevote.eu\/pl\/wp-json\/wp\/v2\/media?parent=11144"}],"curies":[{"name":"wp","href":"https:\/\/api.w.org\/{rel}","templated":true}]}}