{"id":10992,"date":"2020-01-30T11:01:53","date_gmt":"2020-01-30T11:01:53","guid":{"rendered":"https:\/\/www.wevote.eu\/index.php\/aviso-legal\/"},"modified":"2020-12-09T15:23:20","modified_gmt":"2020-12-09T15:23:20","slug":"aviso-legal","status":"publish","type":"page","link":"https:\/\/www.wevote.eu\/pt-pt\/aviso-legal\/","title":{"rendered":"Aviso legal"},"content":{"rendered":"<p>[vc_row row_content_width=&#8221;grid&#8221; css=&#8221;.vc_custom_1580383578893{margin-top: 2% !important;margin-bottom: 7% !important;}&#8221;][vc_column][vc_column_text]<\/p>\n<h2><span style=\"color: #0079be;\">Aviso Legal &#8211; Termos e Condi\u00e7\u00f5es<\/span><\/h2>\n<p>[\/vc_column_text][vc_column_text]<span style=\"color: #333333;\">I.- OBJETO DO SERVI\u00c7O<\/span><br \/>\n<span style=\"color: #333333;\">O site https:\/\/www.wevote.eu\/ tem como objetivo b\u00e1sico e principal o fornecimento de informa\u00e7\u00f5es promocionais sobre o Voto Eletr\u00f4nico e os servi\u00e7os do Governo Eletr\u00f4nico.<\/span><\/p>\n<p><span style=\"color: #333333;\">II.- IDENTIFICA\u00c7\u00c3O WEVOTE<\/span><br \/>\n<span style=\"color: #333333;\">WEVOTE \u00e9 um servi\u00e7o e s\u00e3o marcas registradas de propriedade de FULLCERTIFICATE SL, provedor confi\u00e1vel de servi\u00e7os eletr\u00f4nicos com validade legal e CIF B87336178 e endere\u00e7o na rua Boix y Morer, 6. 28003. Madrid, Espanha, Uni\u00e3o Europeia. A empresa oferece servi\u00e7os &#8220;World Wide&#8221; e tem presen\u00e7a comercial na Europa, Am\u00e9rica e Am\u00e9rica Latina. Os utilizadores podem contactar a empresa atrav\u00e9s dos formul\u00e1rios e n\u00fameros de telefone indicados na p\u00e1gina inicial<\/span><\/p>\n<p><span style=\"color: #333333;\">III.- UTILIZADORES DA P\u00c1GINA<\/span><br \/>\n<span style=\"color: #333333;\">Cada utilizador tem a possibilidade de registar voluntariamente um endere\u00e7o de e-mail para contactar a WEVOTE e\/ou receber informa\u00e7\u00f5es pontuais ou peri\u00f3dicas sobre os servi\u00e7os. Todos os dados inclu\u00eddos no referido formul\u00e1rio criado para o efeito foram introduzidos directamente pelo USU\u00c1RIO e a autenticidade dos mesmos \u00e9 da sua responsabilidade. Da mesma forma, esta responsabilidade pela autenticidade tamb\u00e9m recai sobre ele em todos os formul\u00e1rios de contato nos quais ele\/ela pode registrar seus dados pessoais.<\/span><\/p>\n<p><span style=\"color: #333333;\">GARANTIA DE CONFIDENCIALIDADE<\/span><br \/>\n<span style=\"color: #333333;\">Em conformidade com o Regulamento (UE) 2016\/679 do Parlamento Europeu e do Conselho, de 27 de Abril de 2016, relativo \u00e0 protec\u00e7\u00e3o das pessoas singulares no que diz respeito ao tratamento de dados pessoais<\/span><\/p>\n<p><span style=\"color: #333333;\">e \u00e0 livre circula\u00e7\u00e3o destes dados e atrav\u00e9s da qual a Directiva 95\/46\/CE (Regulamento Geral de Protec\u00e7\u00e3o de Dados) \u00e9 revogada, o utilizador pode, a qualquer momento, exercer os seus direitos de acesso, rectifica\u00e7\u00e3o, cancelamento e oposi\u00e7\u00e3o, comunicando-o \u00e0 WEVOTE por qualquer dos meios colocados \u00e0 sua disposi\u00e7\u00e3o e concedendo \u00e0 WEVOTE um prazo m\u00e1ximo de uma semana para proceder a esta rectifica\u00e7\u00e3o, cancelamento ou resolu\u00e7\u00e3o. A WEVOTE garante a confidencialidade dos dados do USU\u00c1RIO. No caso de campanhas de vota\u00e7\u00e3o eletr\u00f4nica, a responsabilidade pelo tratamento estar\u00e1 sujeita ao mandato solicitado pelos clientes da WEVOTE. Portanto, o usu\u00e1rio de uma campanha deve entrar em contato com o promotor da campanha ou processo eleitoral e isto deve ser comunicado diretamente \u00e0 WEVOTE.<\/span><\/p>\n<p><span style=\"color: #333333;\">O UTILIZADOR DEVE COMUNICAR AS ESPECIFICA\u00c7\u00d5ES T\u00c9CNICAS E LEGAIS E INFORMAR O UTILIZADOR DE QUAISQUER MODIFICA\u00c7\u00d5ES, BEM COMO O COMPROMISSO E ACEITA\u00c7\u00c3O POR PARTE DO UTILIZADOR.<\/span><br \/>\n<span style=\"color: #333333;\">O USU\u00c1RIO entende que as informa\u00e7\u00f5es contidas na p\u00e1gina WEVOTE em rela\u00e7\u00e3o aos servi\u00e7os e suas condi\u00e7\u00f5es gerais de contrata\u00e7\u00e3o s\u00e3o aceitas e suficientes para omitir qualquer poss\u00edvel erro na forma\u00e7\u00e3o do consentimento dado pelo USU\u00c1RIO \u00e0 WEVOTE.<\/span><\/p>\n<p><span style=\"color: #333333;\">MODALIDADES DE RECEP\u00c7\u00c3O DA INFORMA\u00c7\u00c3O.<\/span><br \/>\n<span style=\"color: #333333;\">O USU\u00c1RIO receber\u00e1 sempre a informa\u00e7\u00e3o atrav\u00e9s do seu e-mail na sua caixa de correio, de acordo com os dados fornecidos no momento do registo ou qualquer altera\u00e7\u00e3o de dados subsequente, se houver. Em qualquer caso, quando o USU\u00c1RIO solicita o fornecimento de informa\u00e7\u00f5es pela WEVOTE, o USU\u00c1RIO aceita receber as comunica\u00e7\u00f5es comerciais que acompanham tais informa\u00e7\u00f5es.<\/span><\/p>\n<p><span style=\"color: #333333;\">IV. RESPONSABILIDADE PELOS ARQUIVOS DE DADOS PESSOAIS.<\/span><br \/>\n<span style=\"color: #333333;\">A WEVOTE ser\u00e1 respons\u00e1vel pelo ficheiro que cont\u00e9m os dados pessoais dos seus USU\u00c1RIOS e a sua confidencialidade.<\/span><\/p>\n<p><span style=\"color: #333333;\">V. INFORMA\u00c7\u00d5ES SOBRE AS CONDI\u00c7\u00d5ES E MODALIDADES DE EXERC\u00cdCIO DO DIREITO DE ACESSO.<\/span><br \/>\n<span style=\"color: #333333;\">De acordo com a legisla\u00e7\u00e3o vigente relativa \u00e0 Prote\u00e7\u00e3o de Dados Pessoais, o USU\u00c1RIO deste site pode solicitar e obter informa\u00e7\u00f5es sobre seus dados pessoais inclu\u00eddos nos arquivos pelos quais a WEVOTE \u00e9 respons\u00e1vel, mediante solicita\u00e7\u00e3o comunicada por escrito e por meios confi\u00e1veis.<\/span><\/p>\n<p><span style=\"color: #333333;\">Os USU\u00c1RIOS das campanhas de vota\u00e7\u00e3o promovidas pelos clientes WEVOTE devem entrar em contato com a empresa ou organiza\u00e7\u00e3o que promove a campanha.<\/span><\/p>\n<p><span style=\"color: #333333;\">CONFIDENCIALIDADE.<\/span><br \/>\n<span style=\"color: #333333;\">A WEVOTE garante que os dados pessoais do USU\u00c1RIO, conforme indicado no formul\u00e1rio de subscri\u00e7\u00e3o, ser\u00e3o utilizados apenas para a gest\u00e3o, administra\u00e7\u00e3o, presta\u00e7\u00e3o, extens\u00e3o e melhoria dos servi\u00e7os prestados ao USU\u00c1RIO, incluindo o envio de actualiza\u00e7\u00f5es aos servi\u00e7os e o envio de publicidade relacionada com os servi\u00e7os, bem como a inser\u00e7\u00e3o de outras comunica\u00e7\u00f5es comerciais. A WEVOTE e as pessoas envolvidas no tratamento automatizado de dados pessoais est\u00e3o expressamente vinculadas ao sigilo profissional em rela\u00e7\u00e3o aos mesmos. Os dados pessoais fornecidos s\u00e3o protegidos por um sistema de seguran\u00e7a completo para que terceiros n\u00e3o autorizados n\u00e3o possam ter acesso aos mesmos. A WEVOTE reserva-se o direito de utilizar o rastreamento de convers\u00e3o para medir as estat\u00edsticas de convers\u00e3o.<\/span><\/p>\n<p><span style=\"color: #333333;\">Copyright WEVOTE &#8211; CERTIFICADO COMPLETO, 2020. Todos os direitos reservados.<\/span>[\/vc_column_text][\/vc_column][\/vc_row]<\/p>\n","protected":false},"excerpt":{"rendered":"<p>[vc_row row_content_width=&#8221;grid&#8221; css=&#8221;.vc_custom_1580383578893{margin-top: [&hellip;]<\/p>\n","protected":false},"author":1,"featured_media":0,"parent":0,"menu_order":0,"comment_status":"closed","ping_status":"closed","template":"full-width.php","meta":[],"amp_enabled":false,"_links":{"self":[{"href":"https:\/\/www.wevote.eu\/pt-pt\/wp-json\/wp\/v2\/pages\/10992"}],"collection":[{"href":"https:\/\/www.wevote.eu\/pt-pt\/wp-json\/wp\/v2\/pages"}],"about":[{"href":"https:\/\/www.wevote.eu\/pt-pt\/wp-json\/wp\/v2\/types\/page"}],"author":[{"embeddable":true,"href":"https:\/\/www.wevote.eu\/pt-pt\/wp-json\/wp\/v2\/users\/1"}],"replies":[{"embeddable":true,"href":"https:\/\/www.wevote.eu\/pt-pt\/wp-json\/wp\/v2\/comments?post=10992"}],"version-history":[{"count":1,"href":"https:\/\/www.wevote.eu\/pt-pt\/wp-json\/wp\/v2\/pages\/10992\/revisions"}],"predecessor-version":[{"id":10996,"href":"https:\/\/www.wevote.eu\/pt-pt\/wp-json\/wp\/v2\/pages\/10992\/revisions\/10996"}],"wp:attachment":[{"href":"https:\/\/www.wevote.eu\/pt-pt\/wp-json\/wp\/v2\/media?parent=10992"}],"curies":[{"name":"wp","href":"https:\/\/api.w.org\/{rel}","templated":true}]}}